{"id":2,"date":"2025-07-12T17:29:53","date_gmt":"2025-07-12T17:29:53","guid":{"rendered":"https:\/\/caran.website\/Blog\/?page_id=2"},"modified":"2025-07-14T05:01:06","modified_gmt":"2025-07-14T05:01:06","slug":"sample-page","status":"publish","type":"page","link":"https:\/\/caran.website\/Blog\/","title":{"rendered":"\u00bfQui\u00e9nes somos?"},"content":{"rendered":"\n<p>Somos un blog hecho por amantes del cine, pensado para quienes disfrutan sumergirse en historias que marcan, emocionan y hacen volar la imaginaci\u00f3n. Aqu\u00ed hablamos de pel\u00edculas que dejan huella: desde \u00e9picas de aventura hasta cl\u00e1sicos y estrenos de ciencia ficci\u00f3n.<\/p>\n\n\n\n<p>Nos encanta analizar, recomendar y compartir todo lo que el s\u00e9ptimo arte nos hace sentir. Este espacio naci\u00f3 para conectar con quienes creen que una buena pel\u00edcula puede ser una gran aventura, una reflexi\u00f3n profunda o una experiencia inolvidable.<\/p>\n\n\n\n<blockquote class=\"wp-block-quote is-layout-flow wp-block-quote-is-layout-flow\">\n<p>Nuestro objetivo es crear una comunidad de cin\u00e9filos donde todos puedan descubrir nuevas pel\u00edculas, revivir sus favoritas y debatir sobre escenas, tramas y personajes que nos han marcado. No somos cr\u00edticos expertos, somos espectadores apasionados que disfrutan compartir lo que el cine nos hace sentir.<\/p>\n<\/blockquote>\n\n\n\n<p><\/p>\n\n\n\n<blockquote class=\"wp-block-quote is-layout-flow wp-block-quote-is-layout-flow\">\n<p>Creemos que cada g\u00e9nero tiene algo \u00fanico que ofrecer, pero tenemos un cari\u00f1o especial por aquellas pel\u00edculas que nos hacen viajar sin movernos del asiento: mundos futuristas, misiones imposibles, h\u00e9roes inesperados y emociones intensas. Si t\u00fa tambi\u00e9n amas el cine con el coraz\u00f3n, este blog es para ti.<\/p>\n<\/blockquote>\n\n\n\n<p><\/p>\n\n\n\n<p><\/p>\n","protected":false},"excerpt":{"rendered":"<p>Somos un blog hecho por amantes del cine, pensado para quienes disfrutan sumergirse en historias&hellip;<\/p>\n","protected":false},"author":1,"featured_media":0,"parent":0,"menu_order":0,"comment_status":"closed","ping_status":"open","template":"","meta":{"footnotes":""},"class_list":["post-2","page","type-page","status-publish","hentry"],"_links":{"self":[{"href":"https:\/\/caran.website\/Blog\/wp-json\/wp\/v2\/pages\/2","targetHints":{"allow":["GET"]}}],"collection":[{"href":"https:\/\/caran.website\/Blog\/wp-json\/wp\/v2\/pages"}],"about":[{"href":"https:\/\/caran.website\/Blog\/wp-json\/wp\/v2\/types\/page"}],"author":[{"embeddable":true,"href":"https:\/\/caran.website\/Blog\/wp-json\/wp\/v2\/users\/1"}],"replies":[{"embeddable":true,"href":"https:\/\/caran.website\/Blog\/wp-json\/wp\/v2\/comments?post=2"}],"version-history":[{"count":1,"href":"https:\/\/caran.website\/Blog\/wp-json\/wp\/v2\/pages\/2\/revisions"}],"predecessor-version":[{"id":17,"href":"https:\/\/caran.website\/Blog\/wp-json\/wp\/v2\/pages\/2\/revisions\/17"}],"wp:attachment":[{"href":"https:\/\/caran.website\/Blog\/wp-json\/wp\/v2\/media?parent=2"}],"curies":[{"name":"wp","href":"https:\/\/api.w.org\/{rel}","templated":true}]}}