{"id":161,"date":"2025-08-31T01:33:16","date_gmt":"2025-08-31T01:33:16","guid":{"rendered":"https:\/\/caran.website\/musicchristian\/?page_id=161"},"modified":"2025-09-06T18:25:45","modified_gmt":"2025-09-06T18:25:45","slug":"blog","status":"publish","type":"page","link":"https:\/\/caran.website\/musicchristian\/blog\/","title":{"rendered":"Blog"},"content":{"rendered":"\t\t<div data-elementor-type=\"wp-page\" data-elementor-id=\"161\" class=\"elementor elementor-161\" data-elementor-post-type=\"page\">\n\t\t\t\t<div class=\"elementor-element elementor-element-063bf19 e-flex e-con-boxed e-con e-parent\" data-id=\"063bf19\" data-element_type=\"container\" data-e-type=\"container\">\n\t\t\t\t\t<div class=\"e-con-inner\">\n\t\t<div class=\"elementor-element elementor-element-27d7743 e-con-full e-flex e-con e-child\" data-id=\"27d7743\" data-element_type=\"container\" data-e-type=\"container\">\n\t\t<div class=\"elementor-element elementor-element-f7a269a e-con-full e-flex e-con e-child\" data-id=\"f7a269a\" data-element_type=\"container\" data-e-type=\"container\">\n\t\t\t\t<div class=\"elementor-element elementor-element-cea9463 elementor-widget__width-initial elementor-widget elementor-widget-text-editor\" data-id=\"cea9463\" data-element_type=\"widget\" data-e-type=\"widget\" data-widget_type=\"text-editor.default\">\n\t\t\t\t\t\t\t\t\t<h1>Heaven On My Mind\u00a0<\/h1><div><em><strong>\u00abHeaven On My Mind\u00bb<\/strong><\/em> es el tema que da t\u00edtulo al d\u00e9cimo \u00e1lbum de estudio de tobyMac, lanzado originalmente el 7 de marzo de 2025, y luego publicado como sencillo el 4 de abril de ese mismo a\u00f1o, en su versi\u00f3n acelerada con una colaboraci\u00f3n especial de Forrest Frank. La canci\u00f3n destaca por su mensaje profundo: TobyMac reflexiona sobre la importancia de vivir con prop\u00f3sito y esperanza, enfoc\u00e1ndose en \u00abponer tesoros en el cielo\u00bb mediante acciones como amar bien, ser compasivo y tratar a las personas con dignidad.\u00a0<span style=\"font-size: 1rem;\">La uni\u00f3n entre un veterano influyente de la m\u00fasica cristiana contempor\u00e1nea y una voz galardonada con reconocimiento entre el p\u00fablico m\u00e1s joven, como Forrest Frank, crea un balance vibrante entre generaciones y estilos.<\/span><\/div>\t\t\t\t\t\t\t\t<\/div>\n\t\t\t\t<\/div>\n\t\t\t\t<\/div>\n\t\t<div class=\"elementor-element elementor-element-8721dd7 e-con-full e-flex e-con e-child\" data-id=\"8721dd7\" data-element_type=\"container\" data-e-type=\"container\">\n\t\t<div class=\"elementor-element elementor-element-3a2430e e-con-full e-flex e-con e-child\" data-id=\"3a2430e\" data-element_type=\"container\" data-e-type=\"container\">\n\t\t\t\t<div class=\"elementor-element elementor-element-5f66d1c elementor-widget elementor-widget-image\" data-id=\"5f66d1c\" data-element_type=\"widget\" data-e-type=\"widget\" data-widget_type=\"image.default\">\n\t\t\t\t\t\t\t\t\t\t\t\t\t\t\t<img fetchpriority=\"high\" decoding=\"async\" width=\"1280\" height=\"720\" src=\"https:\/\/caran.website\/musicchristian\/wp-content\/uploads\/2025\/08\/maxresdefault.jpg\" class=\"attachment-2048x2048 size-2048x2048 wp-image-19\" alt=\"\" srcset=\"https:\/\/caran.website\/musicchristian\/wp-content\/uploads\/2025\/08\/maxresdefault.jpg 1280w, https:\/\/caran.website\/musicchristian\/wp-content\/uploads\/2025\/08\/maxresdefault-300x169.jpg 300w, https:\/\/caran.website\/musicchristian\/wp-content\/uploads\/2025\/08\/maxresdefault-1024x576.jpg 1024w, https:\/\/caran.website\/musicchristian\/wp-content\/uploads\/2025\/08\/maxresdefault-768x432.jpg 768w\" sizes=\"(max-width: 1280px) 100vw, 1280px\" \/>\t\t\t\t\t\t\t\t\t\t\t\t\t\t\t<\/div>\n\t\t\t\t<\/div>\n\t\t\t\t<\/div>\n\t\t\t\t\t<\/div>\n\t\t\t\t<\/div>\n\t\t<div class=\"elementor-element elementor-element-f6a213e e-flex e-con-boxed e-con e-parent\" data-id=\"f6a213e\" data-element_type=\"container\" data-e-type=\"container\">\n\t\t\t\t\t<div class=\"e-con-inner\">\n\t\t<div class=\"elementor-element elementor-element-180b400 e-con-full e-flex e-con e-child\" data-id=\"180b400\" data-element_type=\"container\" data-e-type=\"container\">\n\t\t<div class=\"elementor-element elementor-element-5e2a436 e-con-full e-flex e-con e-child\" data-id=\"5e2a436\" data-element_type=\"container\" data-e-type=\"container\">\n\t\t\t\t<div class=\"elementor-element elementor-element-6e76b85 elementor-widget elementor-widget-image\" data-id=\"6e76b85\" data-element_type=\"widget\" data-e-type=\"widget\" data-widget_type=\"image.default\">\n\t\t\t\t\t\t\t\t\t\t\t\t\t\t\t<img decoding=\"async\" width=\"168\" height=\"300\" src=\"https:\/\/caran.website\/musicchristian\/wp-content\/uploads\/2025\/08\/Carrusel-Toby-4.jpeg\" class=\"attachment-large size-large wp-image-77\" alt=\"\" \/>\t\t\t\t\t\t\t\t\t\t\t\t\t\t\t<\/div>\n\t\t\t\t<\/div>\n\t\t<div class=\"elementor-element elementor-element-4ddd4af e-con-full e-flex e-con e-child\" data-id=\"4ddd4af\" data-element_type=\"container\" data-e-type=\"container\">\n\t\t\t\t<div class=\"elementor-element elementor-element-7ce2a0b elementor-widget elementor-widget-image\" data-id=\"7ce2a0b\" data-element_type=\"widget\" data-e-type=\"widget\" data-widget_type=\"image.default\">\n\t\t\t\t\t\t\t\t\t\t\t\t\t\t\t<img decoding=\"async\" width=\"168\" height=\"300\" src=\"https:\/\/caran.website\/musicchristian\/wp-content\/uploads\/2025\/08\/Carrusel-Toby-1.jpeg\" class=\"attachment-large size-large wp-image-76\" alt=\"\" \/>\t\t\t\t\t\t\t\t\t\t\t\t\t\t\t<\/div>\n\t\t\t\t<\/div>\n\t\t<div class=\"elementor-element elementor-element-e4027da e-con-full e-flex e-con e-child\" data-id=\"e4027da\" data-element_type=\"container\" data-e-type=\"container\">\n\t\t\t\t<div class=\"elementor-element elementor-element-06eb453 elementor-widget elementor-widget-image\" data-id=\"06eb453\" data-element_type=\"widget\" data-e-type=\"widget\" data-widget_type=\"image.default\">\n\t\t\t\t\t\t\t\t\t\t\t\t\t\t\t<img loading=\"lazy\" decoding=\"async\" width=\"168\" height=\"300\" src=\"https:\/\/caran.website\/musicchristian\/wp-content\/uploads\/2025\/08\/Carrusel-toby-2.jpeg\" class=\"attachment-large size-large wp-image-75\" alt=\"\" \/>\t\t\t\t\t\t\t\t\t\t\t\t\t\t\t<\/div>\n\t\t\t\t<\/div>\n\t\t<div class=\"elementor-element elementor-element-a98d029 e-con-full e-flex e-con e-child\" data-id=\"a98d029\" data-element_type=\"container\" data-e-type=\"container\">\n\t\t\t\t<div class=\"elementor-element elementor-element-635a639 elementor-widget elementor-widget-image\" data-id=\"635a639\" data-element_type=\"widget\" data-e-type=\"widget\" data-widget_type=\"image.default\">\n\t\t\t\t\t\t\t\t\t\t\t\t\t\t\t<img loading=\"lazy\" decoding=\"async\" width=\"168\" height=\"300\" src=\"https:\/\/caran.website\/musicchristian\/wp-content\/uploads\/2025\/08\/Carrusel-Toby-3.jpeg\" class=\"attachment-large size-large wp-image-74\" alt=\"\" \/>\t\t\t\t\t\t\t\t\t\t\t\t\t\t\t<\/div>\n\t\t\t\t<\/div>\n\t\t\t\t<\/div>\n\t\t\t\t\t<\/div>\n\t\t\t\t<\/div>\n\t\t<div class=\"elementor-element elementor-element-247ea52 e-flex e-con-boxed e-con e-parent\" data-id=\"247ea52\" data-element_type=\"container\" data-e-type=\"container\">\n\t\t\t\t\t<div class=\"e-con-inner\">\n\t\t<div class=\"elementor-element elementor-element-8598b6b e-con-full e-flex e-con e-child\" data-id=\"8598b6b\" data-element_type=\"container\" data-e-type=\"container\">\n\t\t<div class=\"elementor-element elementor-element-38301e8 e-con-full e-flex e-con e-child\" data-id=\"38301e8\" data-element_type=\"container\" data-e-type=\"container\" data-settings=\"{&quot;background_background&quot;:&quot;classic&quot;}\">\n\t\t<div class=\"elementor-element elementor-element-d97ce6c e-con-full e-flex e-con e-child\" data-id=\"d97ce6c\" data-element_type=\"container\" data-e-type=\"container\">\n\t\t\t\t<div class=\"elementor-element elementor-element-a440568 elementor-widget__width-auto elementor-absolute elementor-widget elementor-widget-image\" data-id=\"a440568\" data-element_type=\"widget\" data-e-type=\"widget\" data-settings=\"{&quot;_position&quot;:&quot;absolute&quot;}\" data-widget_type=\"image.default\">\n\t\t\t\t\t\t\t\t\t\t\t\t\t\t\t<img loading=\"lazy\" decoding=\"async\" width=\"719\" height=\"694\" src=\"https:\/\/caran.website\/musicchristian\/wp-content\/uploads\/2025\/09\/Sin-titulo-1-02.png\" class=\"attachment-large size-large wp-image-212\" alt=\"\" srcset=\"https:\/\/caran.website\/musicchristian\/wp-content\/uploads\/2025\/09\/Sin-titulo-1-02.png 719w, https:\/\/caran.website\/musicchristian\/wp-content\/uploads\/2025\/09\/Sin-titulo-1-02-300x290.png 300w\" sizes=\"(max-width: 719px) 100vw, 719px\" \/>\t\t\t\t\t\t\t\t\t\t\t\t\t\t\t<\/div>\n\t\t\t\t<\/div>\n\t\t<div class=\"elementor-element elementor-element-cb18776 e-con-full e-flex e-con e-child\" data-id=\"cb18776\" data-element_type=\"container\" data-e-type=\"container\">\n\t\t\t\t<div class=\"elementor-element elementor-element-d7a1617 elementor-shape-circle elementor-grid-0 e-grid-align-center elementor-widget elementor-widget-social-icons\" data-id=\"d7a1617\" data-element_type=\"widget\" data-e-type=\"widget\" data-widget_type=\"social-icons.default\">\n\t\t\t\t\t\t\t<div class=\"elementor-social-icons-wrapper elementor-grid\" role=\"list\">\n\t\t\t\t\t\t\t<span class=\"elementor-grid-item\" role=\"listitem\">\n\t\t\t\t\t<a class=\"elementor-icon elementor-social-icon elementor-social-icon-facebook elementor-repeater-item-b0cf375\" target=\"_blank\">\n\t\t\t\t\t\t<span class=\"elementor-screen-only\">Facebook<\/span>\n\t\t\t\t\t\t<svg aria-hidden=\"true\" class=\"e-font-icon-svg e-fab-facebook\" viewBox=\"0 0 512 512\" xmlns=\"http:\/\/www.w3.org\/2000\/svg\"><path d=\"M504 256C504 119 393 8 256 8S8 119 8 256c0 123.78 90.69 226.38 209.25 245V327.69h-63V256h63v-54.64c0-62.15 37-96.48 93.67-96.48 27.14 0 55.52 4.84 55.52 4.84v61h-31.28c-30.8 0-40.41 19.12-40.41 38.73V256h68.78l-11 71.69h-57.78V501C413.31 482.38 504 379.78 504 256z\"><\/path><\/svg>\t\t\t\t\t<\/a>\n\t\t\t\t<\/span>\n\t\t\t\t\t\t\t<span class=\"elementor-grid-item\" role=\"listitem\">\n\t\t\t\t\t<a class=\"elementor-icon elementor-social-icon elementor-social-icon-twitter elementor-repeater-item-976a105\" target=\"_blank\">\n\t\t\t\t\t\t<span class=\"elementor-screen-only\">Twitter<\/span>\n\t\t\t\t\t\t<svg aria-hidden=\"true\" class=\"e-font-icon-svg e-fab-twitter\" viewBox=\"0 0 512 512\" xmlns=\"http:\/\/www.w3.org\/2000\/svg\"><path d=\"M459.37 151.716c.325 4.548.325 9.097.325 13.645 0 138.72-105.583 298.558-298.558 298.558-59.452 0-114.68-17.219-161.137-47.106 8.447.974 16.568 1.299 25.34 1.299 49.055 0 94.213-16.568 130.274-44.832-46.132-.975-84.792-31.188-98.112-72.772 6.498.974 12.995 1.624 19.818 1.624 9.421 0 18.843-1.3 27.614-3.573-48.081-9.747-84.143-51.98-84.143-102.985v-1.299c13.969 7.797 30.214 12.67 47.431 13.319-28.264-18.843-46.781-51.005-46.781-87.391 0-19.492 5.197-37.36 14.294-52.954 51.655 63.675 129.3 105.258 216.365 109.807-1.624-7.797-2.599-15.918-2.599-24.04 0-57.828 46.782-104.934 104.934-104.934 30.213 0 57.502 12.67 76.67 33.137 23.715-4.548 46.456-13.32 66.599-25.34-7.798 24.366-24.366 44.833-46.132 57.827 21.117-2.273 41.584-8.122 60.426-16.243-14.292 20.791-32.161 39.308-52.628 54.253z\"><\/path><\/svg>\t\t\t\t\t<\/a>\n\t\t\t\t<\/span>\n\t\t\t\t\t\t\t<span class=\"elementor-grid-item\" role=\"listitem\">\n\t\t\t\t\t<a class=\"elementor-icon elementor-social-icon elementor-social-icon-youtube elementor-repeater-item-b7e56b2\" target=\"_blank\">\n\t\t\t\t\t\t<span class=\"elementor-screen-only\">Youtube<\/span>\n\t\t\t\t\t\t<svg aria-hidden=\"true\" class=\"e-font-icon-svg e-fab-youtube\" viewBox=\"0 0 576 512\" xmlns=\"http:\/\/www.w3.org\/2000\/svg\"><path d=\"M549.655 124.083c-6.281-23.65-24.787-42.276-48.284-48.597C458.781 64 288 64 288 64S117.22 64 74.629 75.486c-23.497 6.322-42.003 24.947-48.284 48.597-11.412 42.867-11.412 132.305-11.412 132.305s0 89.438 11.412 132.305c6.281 23.65 24.787 41.5 48.284 47.821C117.22 448 288 448 288 448s170.78 0 213.371-11.486c23.497-6.321 42.003-24.171 48.284-47.821 11.412-42.867 11.412-132.305 11.412-132.305s0-89.438-11.412-132.305zm-317.51 213.508V175.185l142.739 81.205-142.739 81.201z\"><\/path><\/svg>\t\t\t\t\t<\/a>\n\t\t\t\t<\/span>\n\t\t\t\t\t<\/div>\n\t\t\t\t\t\t<\/div>\n\t\t\t\t<\/div>\n\t\t\t\t<\/div>\n\t\t\t\t<\/div>\n\t\t\t\t\t<\/div>\n\t\t\t\t<\/div>\n\t\t<div class=\"elementor-element elementor-element-071c710 e-flex e-con-boxed e-con e-parent\" data-id=\"071c710\" data-element_type=\"container\" data-e-type=\"container\">\n\t\t\t\t\t<div class=\"e-con-inner\">\n\t\t<div class=\"elementor-element elementor-element-acee16d e-con-full e-flex e-con e-child\" data-id=\"acee16d\" data-element_type=\"container\" data-e-type=\"container\">\n\t\t\t\t<div class=\"elementor-element elementor-element-2d1f888 elementor-widget elementor-widget-heading\" data-id=\"2d1f888\" data-element_type=\"widget\" data-e-type=\"widget\" data-widget_type=\"heading.default\">\n\t\t\t\t\t<h2 class=\"elementor-heading-title elementor-size-default\">\u00a9 2025 Music Christian. Todos los derechos reservados.<\/h2>\t\t\t\t<\/div>\n\t\t\t\t<\/div>\n\t\t\t\t\t<\/div>\n\t\t\t\t<\/div>\n\t\t\t\t<\/div>\n\t\t","protected":false},"excerpt":{"rendered":"<p>Heaven On My Mind\u00a0 \u00abHeaven On My Mind\u00bb es el tema que da t\u00edtulo al d\u00e9cimo \u00e1lbum de estudio de tobyMac, lanzado originalmente el 7 de marzo de 2025, y luego publicado como sencillo el 4 de abril de ese mismo a\u00f1o, en su versi\u00f3n acelerada con una colaboraci\u00f3n especial de Forrest Frank. La canci\u00f3n [&hellip;]<\/p>\n","protected":false},"author":1,"featured_media":0,"parent":0,"menu_order":0,"comment_status":"closed","ping_status":"closed","template":"elementor_header_footer","meta":{"_eb_attr":"","footnotes":""},"class_list":["post-161","page","type-page","status-publish","hentry"],"_links":{"self":[{"href":"https:\/\/caran.website\/musicchristian\/wp-json\/wp\/v2\/pages\/161","targetHints":{"allow":["GET"]}}],"collection":[{"href":"https:\/\/caran.website\/musicchristian\/wp-json\/wp\/v2\/pages"}],"about":[{"href":"https:\/\/caran.website\/musicchristian\/wp-json\/wp\/v2\/types\/page"}],"author":[{"embeddable":true,"href":"https:\/\/caran.website\/musicchristian\/wp-json\/wp\/v2\/users\/1"}],"replies":[{"embeddable":true,"href":"https:\/\/caran.website\/musicchristian\/wp-json\/wp\/v2\/comments?post=161"}],"version-history":[{"count":7,"href":"https:\/\/caran.website\/musicchristian\/wp-json\/wp\/v2\/pages\/161\/revisions"}],"predecessor-version":[{"id":244,"href":"https:\/\/caran.website\/musicchristian\/wp-json\/wp\/v2\/pages\/161\/revisions\/244"}],"wp:attachment":[{"href":"https:\/\/caran.website\/musicchristian\/wp-json\/wp\/v2\/media?parent=161"}],"curies":[{"name":"wp","href":"https:\/\/api.w.org\/{rel}","templated":true}]}}